{"id":1017,"date":"2021-04-06T12:19:35","date_gmt":"2021-04-06T12:19:35","guid":{"rendered":"https:\/\/willkill.com\/es\/?page_id=1017"},"modified":"2025-05-08T08:05:45","modified_gmt":"2025-05-08T08:05:45","slug":"politica-de-privacidad","status":"publish","type":"page","link":"https:\/\/willkill.com\/es\/politica-de-privacidad\/","title":{"rendered":"POL\u00cdTICA DE PRIVACIDAD"},"content":{"rendered":"<h2 style=\"text-align: center;\"><span style=\"color: #ff0000;\"><strong>Pol\u00edtica de privacidad<\/strong><\/span><\/h2>\n<p>El Titular se compromete a cumplir con la normativa en materia de Protecci\u00f3n de Datos de car\u00e1cter personal y a<br \/>\nrespetar la privacidad de los Usuarios. El objetivo es ofrecer el mejor servicio al Usuario y para ello es necesario<br \/>\ntratar sus datos personales. El Usuario s\u00f3lo podr\u00e1 incluir datos personales propios, y en ning\u00fan caso de otra<br \/>\npersona de la que no tenga un consentimiento expreso, siendo el \u00fanico responsable en caso de hacerlo.<\/p>\n<p><strong>1. Responsable del Tratamiento<\/strong><\/p>\n<p>WILL KILL, S.A.<br \/>\nNIF: A07022288<br \/>\nDomicilio: Carrer Quatre de Novembre, n\u00ba 6, 07011. Palma de Mallorca.<br \/>\nTel\u00e9fono: 971 20 30 13<\/p>\n<p><strong>2. Finalidades y legitimaci\u00f3n<\/strong><\/p>\n<p style=\"font-weight: 400;\"><u>Atenci\u00f3n de consultas<\/u>: Atender las consultas del Usuario que se ponga en contacto a trav\u00e9s de los Formularios o herramientas de comunicaci\u00f3n con el Usuario en el Sitio Web. La base leg\u00edtima del tratamiento es el consentimiento del Usuario, conforme al art. 6.1.a) del RGPD.<\/p>\n<p style=\"font-weight: 400;\"><u>RRHH<\/u>: Gestionar el Curr\u00edculum del Usuario que cumplimente el Formulario como demandante de empleo. La base leg\u00edtima del tratamiento es el consentimiento del Usuario, conforme al art. 6.1.a) del RGPD.<\/p>\n<p style=\"font-weight: 400;\"><u>Canal de denuncias<\/u>: Datos recogidos en el formulario de Canal de denuncias, tanto del denunciante como de terceros afectados, necesarios para la gesti\u00f3n del sistema de denuncias internas de la entidad. Las personas que usen este canal pueden identificarse o no, de forma voluntaria. La base leg\u00edtima del tratamiento es el consentimiento del Usuario, conforme al art. 6.1.a) del RGPD, y, en el caso de los datos de terceros facilitados en el Canal de denuncias, ser\u00e1 la existencia de un inter\u00e9s p\u00fablico, conforme al art. 6.1.e) del RGPD.<\/p>\n<p style=\"font-weight: 400;\"><u>Prestar el servicio solicitado por el Usuario<\/u>: Tramitaci\u00f3n del alta como usuario del Sitio Web con la finalidad de prestarle los servicios que se ofertan<strong>. <\/strong>La base leg\u00edtima del tratamiento es la ejecuci\u00f3n de un contrato en el que el Usuario es parte, conforme al art. 6.1.b) del RGPD.<\/p>\n<p style=\"font-weight: 400;\"><u>Datos de navegaci\u00f3n<\/u>: Datos recogidos por las cookies propias o de terceros que puedan ser generadas por este Sitio Web habiendo sido informado el Usuario y acept\u00e1ndolas. La base leg\u00edtima del tratamiento es el consentimiento del Usuario, conforme al art. 6.1.a) del RGPD.<\/p>\n<p style=\"font-weight: 400;\">Los datos tratados con esta finalidad son: los recopilados por las cookies generadas en el Sitio Web, seg\u00fan las finalidades de \u00e9stas. Para m\u00e1s informaci\u00f3n puede consultar nuestra Pol\u00edtica de Cookies o modificar la elecci\u00f3n de sus preferencias en nuestra herramienta de gesti\u00f3n de cookies.<\/p>\n<p style=\"font-weight: 400;\">El Titular no ser\u00e1 responsable del tratamiento de la informaci\u00f3n recogida por las cookies de terceros gestores de publicidad, ni tendr\u00e1 acceso a los datos recabados por \u00e9stos. El Titular informa que estos terceros tratar\u00e1n los datos con sus propios fines en funci\u00f3n de cada tipolog\u00eda de cookies y pueden a su vez ceder la informaci\u00f3n a otros prestadores de servicios o tratar los datos en combinaci\u00f3n con datos recabados en otros sitios web por estos u otros editores para prestar los servicios que cada uno de ellos le encomienda.<\/p>\n<p><strong>3. Plazo de conservaci\u00f3n<\/strong><\/p>\n<p>Los datos se conservar\u00e1n mientras se mantenga le relaci\u00f3n y no se solicite su supresi\u00f3n y en cualquier caso en<br \/>\ncumplimiento de plazos legales de prescripci\u00f3n que le resulten de aplicaci\u00f3n.<\/p>\n<p><strong>4. Cesiones<\/strong><\/p>\n<p>No se tienen previstas cesiones de los datos recabados a trav\u00e9s de este Sitio Web a terceros, salvo que<br \/>\nexpresamente se indique, en su caso, en el texto informativo correspondiente.<br \/>\nEn relaci\u00f3n a la gesti\u00f3n de los servicios, los datos de los Usuarios podr\u00e1n ser tratados por empresas que presten<br \/>\nal Titular diversos servicios, entre otros, de env\u00edo, mensajer\u00eda, contabilidad, asesor\u00eda, mantenimiento inform\u00e1tico, o<br \/>\ncualquier otro que por su condici\u00f3n de Encargada del Tratamiento sea indispensable o inevitable que accedan o<br \/>\ntraten estos datos. Este tratamiento no ser\u00e1 considerado en ning\u00fan caso una cesi\u00f3n de datos.<\/p>\n<p><strong>5. Derechos de los interesados<\/strong><\/p>\n<p>El Usuario podr\u00e1 ejercitar sus derechos de acceso, rectificaci\u00f3n, supresi\u00f3n, oposici\u00f3n, limitaci\u00f3n del tratamiento,<br \/>\nportabilidad de datos y a no ser objeto de decisiones individualizadas automatizadas (incluida la elaboraci\u00f3n de<br \/>\nperfiles), enviando solicitud con asunto \u201cProtecci\u00f3n de Datos\u201d, a la direcci\u00f3n: Carrer Quatre de Novembre, n\u00ba 6,<br \/>\n07011. Palma de Mallorca, indicando los datos de contacto. Si considera que sus derechos han sido vulnerados,<br \/>\npuede presentar una reclamaci\u00f3n ante la Agencia Espa\u00f1ola de Protecci\u00f3n de Datos (www.aepd.es).<\/p>\n<p><strong>6. Campos de texto libre<\/strong><\/p>\n<p>Los campos de texto libre que, a disposici\u00f3n del Usuario, puedan aparecer en los formularios del Sitio Web tienen<br \/>\ncomo \u00fanica y exclusiva finalidad el recabar informaci\u00f3n para mejorar la calidad de los Servicios.<br \/>\nEl Usuario no incluir\u00e1, en aquellos espacios que el Sitio Web pueda ofertar como &amp;quot;campos de texto libre&amp;quot;, ning\u00fan<br \/>\ndato de car\u00e1cter personal que pueda ser calificado dentro de aquellos datos para los que se exige un nivel de<br \/>\nprotecci\u00f3n especial, entendi\u00e9ndose como tales datos, a t\u00edtulo enunciativo y no limitativo, los relativos a situaci\u00f3n<br \/>\necon\u00f3mico-financiera, perfiles psicol\u00f3gicos, ideolog\u00eda, religi\u00f3n, creencias, afiliaci\u00f3n sindical, salud, origen racial y\/o<br \/>\nvida sexual.<\/p>\n<p><strong>7. Campos no obligatorios<\/strong><\/p>\n<p>El Titular comunica al Usuario el car\u00e1cter no obligatorio de la recogida de algunos datos, salvo en los campos que<br \/>\nse indique lo contrario mediante un (*). No obstante, la no cumplimentaci\u00f3n de dichos datos podr\u00e1 impedir prestar<br \/>\ntodos aquellos Servicios vinculados a tales datos, liber\u00e1ndole de toda responsabilidad por la no prestaci\u00f3n o<br \/>\nprestaci\u00f3n incompleta de estos Servicios.<\/p>\n<p><strong>8. Acceso y rectificaci\u00f3n de los datos personales<\/strong><\/p>\n<p>El Usuario se compromete a proporcionar informaci\u00f3n cierta en relaci\u00f3n con sus datos personales, y mantener los<br \/>\ndatos facilitados al Titular siempre actualizados. El Usuario responder\u00e1, en cualquier caso, de la veracidad de los<br \/>\ndatos facilitados, reserv\u00e1ndose el Titular el derecho de excluir de los servicios a todo Usuario que haya facilitado<br \/>\ndatos falsos, sin perjuicio de las dem\u00e1s acciones que procedan en Derecho. Los datos facilitados por el Usuario se<br \/>\npresumir\u00e1n correctos, por lo que, en caso de env\u00edo err\u00f3neo de sus datos por parte del Usuario, el Titular, declina<br \/>\ncualquier responsabilidad en caso de la incorrecta ejecuci\u00f3n o no ejecuci\u00f3n del env\u00edo, as\u00ed como el incorrecto<br \/>\ncumplimiento de los tr\u00e1mites administrativos necesarios.<\/p>\n<p><strong>9. Confidencialidad<\/strong><\/p>\n<p>Adem\u00e1s, tambi\u00e9n tendr\u00e1 la condici\u00f3n de confidencial la informaci\u00f3n de cualquier tipo que las partes intercambien<br \/>\nentre s\u00ed, aquella que \u00e9stas acuerden que tiene tal naturaleza, o la que simplemente verse sobre el contenido de<br \/>\ndicha informaci\u00f3n. La visualizaci\u00f3n de datos a trav\u00e9s de Internet, no supondr\u00e1 el acceso directo a los mismos,<br \/>\nsalvo consentimiento expreso de su titular para cada ocasi\u00f3n.<\/p>\n","protected":false},"excerpt":{"rendered":"<p>Pol\u00edtica de privacidad El Titular se compromete a cumplir con la normativa en materia de Protecci\u00f3n de Datos de car\u00e1cter personal y a respetar la&#8230;<\/p>\n","protected":false},"author":1,"featured_media":0,"parent":0,"menu_order":0,"comment_status":"closed","ping_status":"closed","template":"","meta":[],"_links":{"self":[{"href":"https:\/\/willkill.com\/es\/wp-json\/wp\/v2\/pages\/1017"}],"collection":[{"href":"https:\/\/willkill.com\/es\/wp-json\/wp\/v2\/pages"}],"about":[{"href":"https:\/\/willkill.com\/es\/wp-json\/wp\/v2\/types\/page"}],"author":[{"embeddable":true,"href":"https:\/\/willkill.com\/es\/wp-json\/wp\/v2\/users\/1"}],"replies":[{"embeddable":true,"href":"https:\/\/willkill.com\/es\/wp-json\/wp\/v2\/comments?post=1017"}],"version-history":[{"count":6,"href":"https:\/\/willkill.com\/es\/wp-json\/wp\/v2\/pages\/1017\/revisions"}],"predecessor-version":[{"id":1936,"href":"https:\/\/willkill.com\/es\/wp-json\/wp\/v2\/pages\/1017\/revisions\/1936"}],"wp:attachment":[{"href":"https:\/\/willkill.com\/es\/wp-json\/wp\/v2\/media?parent=1017"}],"curies":[{"name":"wp","href":"https:\/\/api.w.org\/{rel}","templated":true}]}}